{"id":1318,"date":"2025-09-26T20:18:55","date_gmt":"2025-09-26T17:18:55","guid":{"rendered":"https:\/\/cloveboutiquehouse.liveblog365.com\/home\/"},"modified":"2025-12-08T21:21:30","modified_gmt":"2025-12-08T18:21:30","slug":"home","status":"publish","type":"page","link":"https:\/\/cloveboutiquehouse.com\/en\/","title":{"rendered":"Home"},"content":{"rendered":"<div data-elementor-type=\"wp-page\" data-elementor-id=\"1318\" class=\"elementor elementor-1318\">\n\t\t\t\t<div class=\"elementor-element elementor-element-9e1a3b7 e-flex e-con-boxed e-con e-parent\" data-id=\"9e1a3b7\" data-element_type=\"container\" data-e-type=\"container\" data-settings=\"{&quot;background_background&quot;:&quot;classic&quot;}\">\n\t\t\t\t\t<div class=\"e-con-inner\">\n\t\t<div class=\"elementor-element elementor-element-8f73ee5 e-con-full e-flex e-con e-child\" data-id=\"8f73ee5\" data-element_type=\"container\" data-e-type=\"container\">\n\t\t\t\t<div class=\"elementor-element elementor-element-4a02dab elementor-widget elementor-widget-heading\" data-id=\"4a02dab\" data-element_type=\"widget\" data-e-type=\"widget\" data-widget_type=\"heading.default\">\n\t\t\t\t<div class=\"elementor-widget-container\">\n\t\t\t\t\t<h1 class=\"elementor-heading-title elementor-size-default\">A quiet, spacious and perfect home for you \ud83c\udfe1<\/h1>\t\t\t\t<\/div>\n\t\t\t\t<\/div>\n\t\t\t\t<\/div>\n\t\t\t\t\t<\/div>\n\t\t\t\t<\/div>\n\t\t<div class=\"elementor-element elementor-element-96bd614 e-flex e-con-boxed e-con e-parent\" data-id=\"96bd614\" data-element_type=\"container\" data-e-type=\"container\">\n\t\t\t\t\t<div class=\"e-con-inner\">\n\t\t<div class=\"elementor-element elementor-element-f6f7e27 e-flex e-con-boxed e-con e-child\" data-id=\"f6f7e27\" data-element_type=\"container\" data-e-type=\"container\">\n\t\t\t\t\t<div class=\"e-con-inner\">\n\t\t\t\t<div class=\"elementor-element elementor-element-d16f5b6 elementor-widget elementor-widget-heading\" data-id=\"d16f5b6\" data-element_type=\"widget\" data-e-type=\"widget\" data-widget_type=\"heading.default\">\n\t\t\t\t<div class=\"elementor-widget-container\">\n\t\t\t\t\t<h2 class=\"elementor-heading-title elementor-size-default\">Sections From Our Home<\/h2>\t\t\t\t<\/div>\n\t\t\t\t<\/div>\n\t\t\t\t<div class=\"elementor-element elementor-element-49160ad elementor-widget-divider--view-line elementor-widget elementor-widget-divider\" data-id=\"49160ad\" data-element_type=\"widget\" data-e-type=\"widget\" data-widget_type=\"divider.default\">\n\t\t\t\t<div class=\"elementor-widget-container\">\n\t\t\t\t\t\t\t<div class=\"elementor-divider\">\n\t\t\t<span class=\"elementor-divider-separator\">\n\t\t\t\t\t\t<\/span>\n\t\t<\/div>\n\t\t\t\t\t\t<\/div>\n\t\t\t\t<\/div>\n\t\t<div class=\"elementor-element elementor-element-a306a4a e-flex e-con-boxed e-con e-child\" data-id=\"a306a4a\" data-element_type=\"container\" data-e-type=\"container\">\n\t\t\t\t\t<div class=\"e-con-inner\">\n\t\t<div class=\"elementor-element elementor-element-5822dc4 e-flex e-con-boxed e-con e-child\" data-id=\"5822dc4\" data-element_type=\"container\" data-e-type=\"container\">\n\t\t\t\t\t<div class=\"e-con-inner\">\n\t\t\t\t<div class=\"elementor-element elementor-element-85cc8cf elementor-invisible elementor-widget elementor-widget-image\" data-id=\"85cc8cf\" data-element_type=\"widget\" data-e-type=\"widget\" data-settings=\"{&quot;_animation&quot;:&quot;fadeInRight&quot;}\" data-widget_type=\"image.default\">\n\t\t\t\t<div class=\"elementor-widget-container\">\n\t\t\t\t\t\t\t\t\t\t\t\t\t\t\t<img decoding=\"async\" src=\"https:\/\/cloveboutiquehouse.com\/wp-content\/uploads\/elementor\/thumbs\/21-rg3jbsktntwbk26s65t5exssax0exi3yezme2zg8m0.jpg\" title=\"21.jpg\" alt=\"21.jpg\" loading=\"lazy\" \/>\t\t\t\t\t\t\t\t\t\t\t\t\t\t\t<\/div>\n\t\t\t\t<\/div>\n\t\t\t\t<div class=\"elementor-element elementor-element-46b514f elementor-widget elementor-widget-hfe-infocard\" data-id=\"46b514f\" data-element_type=\"widget\" data-e-type=\"widget\" data-widget_type=\"hfe-infocard.default\">\n\t\t\t\t<div class=\"elementor-widget-container\">\n\t\t\t\t\t\n\t\t<div class=\"hfe-infocard\">\n\t\t\t\t\t\t\t\t\t<div class=\"hfe-infocard-title-wrap\">\n\t\t\t\t<h3 class=\"hfe-infocard-title elementor-inline-editing\" data-elementor-setting-key=\"infocard_title\" data-elementor-inline-editing-toolbar=\"basic\" >Bedrooms<\/h3>\t\t\t<\/div>\n\t\t\t\t\t\t<div class=\"hfe-infocard-text-wrap\">\n\t\t\t\t<div class=\"hfe-infocard-text elementor-inline-editing\" data-elementor-setting-key=\"infocard_description\" data-elementor-inline-editing-toolbar=\"advanced\">\n\t\t\t\t\tThe bedrooms are spacious, bright, and peaceful. Each has its own balcony; in the morning, you can breathe in the sea air and start the day peacefully. In the evening, stepping out onto the balcony, listening to the silence and feeling the gentle breeze is a special pleasure. The rooms are simple, comfortable, and offer a peaceful environment. Each room is air-conditioned, providing a cool atmosphere in the summer and a comfortable atmosphere in the winter.\t\t\t\t<\/div>\n\t\t\t\t\t\t\t<\/div>\n\t\t<\/div>\n\n\t\t\t\t\t\t<\/div>\n\t\t\t\t<\/div>\n\t\t\t\t\t<\/div>\n\t\t\t\t<\/div>\n\t\t<div class=\"elementor-element elementor-element-39b81fb e-flex e-con-boxed e-con e-child\" data-id=\"39b81fb\" data-element_type=\"container\" data-e-type=\"container\">\n\t\t\t\t\t<div class=\"e-con-inner\">\n\t\t\t\t<div class=\"elementor-element elementor-element-66dde07 elementor-invisible elementor-widget elementor-widget-image\" data-id=\"66dde07\" data-element_type=\"widget\" data-e-type=\"widget\" data-settings=\"{&quot;_animation&quot;:&quot;fadeInDown&quot;}\" data-widget_type=\"image.default\">\n\t\t\t\t<div class=\"elementor-widget-container\">\n\t\t\t\t\t\t\t\t\t\t\t\t\t\t\t<img decoding=\"async\" src=\"https:\/\/cloveboutiquehouse.com\/wp-content\/uploads\/elementor\/thumbs\/9bc2fa53-c345-4dd6-a8f2-9f3343ddca23-rg3jbprb3bsgl8avmml9pgieirebaesrelnxn5kf4o.png\" title=\"9bc2fa53 c345 4dd6 a8f2 9f3343ddca23.png\" alt=\"9bc2fa53 c345 4dd6 a8f2 9f3343ddca23.png\" loading=\"lazy\" \/>\t\t\t\t\t\t\t\t\t\t\t\t\t\t\t<\/div>\n\t\t\t\t<\/div>\n\t\t\t\t<div class=\"elementor-element elementor-element-b55debf elementor-widget elementor-widget-hfe-infocard\" data-id=\"b55debf\" data-element_type=\"widget\" data-e-type=\"widget\" data-widget_type=\"hfe-infocard.default\">\n\t\t\t\t<div class=\"elementor-widget-container\">\n\t\t\t\t\t\n\t\t<div class=\"hfe-infocard\">\n\t\t\t\t\t\t\t\t\t<div class=\"hfe-infocard-title-wrap\">\n\t\t\t\t<h3 class=\"hfe-infocard-title elementor-inline-editing\" data-elementor-setting-key=\"infocard_title\" data-elementor-inline-editing-toolbar=\"basic\" >Living Room<\/h3>\t\t\t<\/div>\n\t\t\t\t\t\t<div class=\"hfe-infocard-text-wrap\">\n\t\t\t\t<div class=\"hfe-infocard-text elementor-inline-editing\" data-elementor-setting-key=\"infocard_description\" data-elementor-inline-editing-toolbar=\"advanced\">\n\t\t\t\t\tThe living room is spacious, airy, and flooded with natural light. Thanks to the large windows, the interior is always bright and vibrant. Whether you're sitting sipping your coffee and feeling the sea breeze, or entertaining friends in a comfortable setting, this is the perfect spot. The decor is designed to create a simple, welcoming, and peaceful living space.\t\t\t\t<\/div>\n\t\t\t\t\t\t\t<\/div>\n\t\t<\/div>\n\n\t\t\t\t\t\t<\/div>\n\t\t\t\t<\/div>\n\t\t\t\t\t<\/div>\n\t\t\t\t<\/div>\n\t\t<div class=\"elementor-element elementor-element-db379a5 e-flex e-con-boxed e-con e-child\" data-id=\"db379a5\" data-element_type=\"container\" data-e-type=\"container\">\n\t\t\t\t\t<div class=\"e-con-inner\">\n\t\t\t\t<div class=\"elementor-element elementor-element-ece35b4 elementor-invisible elementor-widget elementor-widget-image\" data-id=\"ece35b4\" data-element_type=\"widget\" data-e-type=\"widget\" data-settings=\"{&quot;_animation&quot;:&quot;fadeInLeft&quot;}\" data-widget_type=\"image.default\">\n\t\t\t\t<div class=\"elementor-widget-container\">\n\t\t\t\t\t\t\t\t\t\t\t\t\t\t\t<img decoding=\"async\" src=\"https:\/\/cloveboutiquehouse.com\/wp-content\/uploads\/elementor\/thumbs\/90536e72-ff0b-4dcc-ba51-8f8b6338591a-e1759069519777-rg3jbugi1hyw7a41v6mejxbphor5cwbf38xd1jdg9k.png\" title=\"90536e72 ff0b 4dcc ba51 8f8b6338591a e1759069519777.png\" alt=\"90536e72 ff0b 4dcc ba51 8f8b6338591a e1759069519777.png\" loading=\"lazy\" \/>\t\t\t\t\t\t\t\t\t\t\t\t\t\t\t<\/div>\n\t\t\t\t<\/div>\n\t\t\t\t<div class=\"elementor-element elementor-element-6001a5f elementor-widget elementor-widget-hfe-infocard\" data-id=\"6001a5f\" data-element_type=\"widget\" data-e-type=\"widget\" data-widget_type=\"hfe-infocard.default\">\n\t\t\t\t<div class=\"elementor-widget-container\">\n\t\t\t\t\t\n\t\t<div class=\"hfe-infocard\">\n\t\t\t\t\t\t\t\t\t<div class=\"hfe-infocard-title-wrap\">\n\t\t\t\t<h3 class=\"hfe-infocard-title elementor-inline-editing\" data-elementor-setting-key=\"infocard_title\" data-elementor-inline-editing-toolbar=\"basic\" >Kitchen<\/h3>\t\t\t<\/div>\n\t\t\t\t\t\t<div class=\"hfe-infocard-text-wrap\">\n\t\t\t\t<div class=\"hfe-infocard-text elementor-inline-editing\" data-elementor-setting-key=\"infocard_description\" data-elementor-inline-editing-toolbar=\"advanced\">\n\t\t\t\t\t<p>The kitchen is functional, bright, and one of the most enjoyable corners of the house. Just smelling the sea breeze from the balcony while cooking brings a sense of peace. The cabinets are spacious and the countertops are comfortable, so whether you're preparing breakfast or hosting loved ones for dinner, everything is at your fingertips. It's designed to be simple yet functional, making daily life easier.<\/p>\t\t\t\t<\/div>\n\t\t\t\t\t\t\t<\/div>\n\t\t<\/div>\n\n\t\t\t\t\t\t<\/div>\n\t\t\t\t<\/div>\n\t\t\t\t\t<\/div>\n\t\t\t\t<\/div>\n\t\t\t\t\t<\/div>\n\t\t\t\t<\/div>\n\t\t\t\t\t<\/div>\n\t\t\t\t<\/div>\n\t\t\t\t\t<\/div>\n\t\t\t\t<\/div>\n\t\t<div class=\"elementor-element elementor-element-eef07f1 e-flex e-con-boxed e-con e-parent\" data-id=\"eef07f1\" data-element_type=\"container\" data-e-type=\"container\" data-settings=\"{&quot;background_background&quot;:&quot;classic&quot;}\">\n\t\t\t\t\t<div class=\"e-con-inner\">\n\t\t<div class=\"elementor-element elementor-element-560a2f2 e-con-full e-flex e-con e-child\" data-id=\"560a2f2\" data-element_type=\"container\" data-e-type=\"container\">\n\t\t\t\t<\/div>\n\t\t<div class=\"elementor-element elementor-element-2969cd2 e-con-full e-flex e-con e-child\" data-id=\"2969cd2\" data-element_type=\"container\" data-e-type=\"container\">\n\t\t\t\t<div class=\"elementor-element elementor-element-6886a68 elementor-widget elementor-widget-heading\" data-id=\"6886a68\" data-element_type=\"widget\" data-e-type=\"widget\" data-widget_type=\"heading.default\">\n\t\t\t\t<div class=\"elementor-widget-container\">\n\t\t\t\t\t<h2 class=\"elementor-heading-title elementor-size-default\"><a href=\"https:\/\/share.google\/JOsdZO7RYiZFFp1MO\">Click for Our Google Reviews<\/a><\/h2>\t\t\t\t<\/div>\n\t\t\t\t<\/div>\n\t\t\t\t<div class=\"elementor-element elementor-element-e609acf elementor-widget elementor-widget-heading\" data-id=\"e609acf\" data-element_type=\"widget\" data-e-type=\"widget\" data-widget_type=\"heading.default\">\n\t\t\t\t<div class=\"elementor-widget-container\">\n\t\t\t\t\t<h4 class=\"elementor-heading-title elementor-size-default\"><a href=\"https:\/\/share.google\/JOsdZO7RYiZFFp1MO\" target=\"_blank\">\"The house is truly magnificent. It is beautiful, spacious and comfortable. Everything you could possibly need is provided. We felt right at home with its cleanliness, organization and modern furnishings. Its proximity to the sea is a great advantage. I highly recommend it to anyone looking for a peaceful and relaxing holiday.\"<\/a><\/h4>\t\t\t\t<\/div>\n\t\t\t\t<\/div>\n\t\t\t\t<div class=\"elementor-element elementor-element-012264a elementor-widget elementor-widget-image\" data-id=\"012264a\" data-element_type=\"widget\" data-e-type=\"widget\" data-widget_type=\"image.default\">\n\t\t\t\t<div class=\"elementor-widget-container\">\n\t\t\t\t\t\t\t\t\t\t\t\t\t\t\t<img decoding=\"async\" width=\"90\" height=\"90\" src=\"https:\/\/cloveboutiquehouse.com\/wp-content\/uploads\/2025\/12\/unnamed-1.png\" class=\"attachment-full size-full wp-image-2236\" alt=\"unnamed 1.png\" srcset=\"https:\/\/cloveboutiquehouse.com\/wp-content\/uploads\/2025\/12\/unnamed-1.png 90w, https:\/\/cloveboutiquehouse.com\/wp-content\/uploads\/2025\/12\/unnamed-1-300x300.png 300w, https:\/\/cloveboutiquehouse.com\/wp-content\/uploads\/2025\/12\/unnamed-1-1024x1024.png 1024w, https:\/\/cloveboutiquehouse.com\/wp-content\/uploads\/2025\/12\/unnamed-1-150x150.png 150w, https:\/\/cloveboutiquehouse.com\/wp-content\/uploads\/2025\/12\/unnamed-1-768x768.png 768w, https:\/\/cloveboutiquehouse.com\/wp-content\/uploads\/2025\/12\/unnamed-1-1536x1536.png 1536w, https:\/\/cloveboutiquehouse.com\/wp-content\/uploads\/2025\/12\/unnamed-1-2048x2048.png 2048w\" sizes=\"(max-width: 90px) 100vw, 90px\" title=\"Home\">\t\t\t\t\t\t\t\t\t\t\t\t\t\t\t<\/div>\n\t\t\t\t<\/div>\n\t\t\t\t<div class=\"elementor-element elementor-element-f8ed883 elementor-widget elementor-widget-text-editor\" data-id=\"f8ed883\" data-element_type=\"widget\" data-e-type=\"widget\" data-widget_type=\"text-editor.default\">\n\t\t\t\t<div class=\"elementor-widget-container\">\n\t\t\t\t\t\t\t\t\t<p>Musab Naseef<\/p>\t\t\t\t\t\t\t\t<\/div>\n\t\t\t\t<\/div>\n\t\t\t\t<\/div>\n\t\t<div class=\"elementor-element elementor-element-dff0224 e-con-full e-flex e-con e-child\" data-id=\"dff0224\" data-element_type=\"container\" data-e-type=\"container\">\n\t\t\t\t<\/div>\n\t\t\t\t\t<\/div>\n\t\t\t\t<\/div>\n\t\t<div class=\"elementor-element elementor-element-f457a2d e-flex e-con-boxed e-con e-parent\" data-id=\"f457a2d\" data-element_type=\"container\" data-e-type=\"container\">\n\t\t\t\t\t<div class=\"e-con-inner\">\n\t\t<div class=\"elementor-element elementor-element-3b5731b e-con-full e-flex e-con e-child\" data-id=\"3b5731b\" data-element_type=\"container\" data-e-type=\"container\">\n\t\t\t\t<div class=\"elementor-element elementor-element-63972dd elementor-widget elementor-widget-hfe-infocard\" data-id=\"63972dd\" data-element_type=\"widget\" data-e-type=\"widget\" data-widget_type=\"hfe-infocard.default\">\n\t\t\t\t<div class=\"elementor-widget-container\">\n\t\t\t\t\t\n\t\t<div class=\"hfe-infocard\">\n\t\t\t\t\t\t\t\t\t<div class=\"hfe-infocard-title-wrap\">\n\t\t\t\t<h4 class=\"hfe-infocard-title elementor-inline-editing\" data-elementor-setting-key=\"infocard_title\" data-elementor-inline-editing-toolbar=\"basic\" >General Features of Our Breathtaking Home<\/h4>\t\t\t<\/div>\n\t\t\t\t\t\t<div class=\"hfe-infocard-text-wrap\">\n\t\t\t\t<div class=\"hfe-infocard-text elementor-inline-editing\" data-elementor-setting-key=\"infocard_description\" data-elementor-inline-editing-toolbar=\"advanced\">\n\t\t\t\t\t<h3>Located in S\u00f6\u011f\u00fctl\u00fc, just two buildings away from the sea, this apartment offers both comfort and tranquility. Located on the ground floor, every room in the house is air-conditioned, allowing you to enjoy a cool summer and warm winter environment. The house, which offers a spacious living space with a garden, also boasts a strong internet connection\u2014whether you're sipping coffee in the garden or feeling the sea breeze on the balcony, your connection will never be interrupted.<br>\nThis house, both close to nature and equipped with modern amenities, is the ideal place for those who want to experience the peaceful side of Trabzon.<\/h3>\t\t\t\t<\/div>\n\t\t\t\t\t\t\t<\/div>\n\t\t<\/div>\n\n\t\t\t\t\t\t<\/div>\n\t\t\t\t<\/div>\n\t\t\t\t<\/div>\n\t\t<div class=\"elementor-element elementor-element-162cad4 elementor-hidden-mobile e-con-full e-flex e-con e-child\" data-id=\"162cad4\" data-element_type=\"container\" data-e-type=\"container\">\n\t\t\t\t<div class=\"elementor-element elementor-element-8aee090 elementor-widget elementor-widget-image\" data-id=\"8aee090\" data-element_type=\"widget\" data-e-type=\"widget\" data-widget_type=\"image.default\">\n\t\t\t\t<div class=\"elementor-widget-container\">\n\t\t\t\t\t\t\t\t\t\t\t\t\t\t\t<img fetchpriority=\"high\" decoding=\"async\" width=\"960\" height=\"1280\" src=\"https:\/\/cloveboutiquehouse.com\/wp-content\/uploads\/2025\/12\/WhatsApp-Gorsel-2025-04-03-saat-16.07.23_14a3d3b3.jpg\" class=\"attachment-full size-full wp-image-2237\" alt=\"whatsapp gorsel 2025 04 03 saat 16.07.23 14a3d3b3.jpg\" srcset=\"https:\/\/cloveboutiquehouse.com\/wp-content\/uploads\/2025\/12\/WhatsApp-Gorsel-2025-04-03-saat-16.07.23_14a3d3b3.jpg 960w, https:\/\/cloveboutiquehouse.com\/wp-content\/uploads\/2025\/12\/WhatsApp-Gorsel-2025-04-03-saat-16.07.23_14a3d3b3-768x1024.jpg 768w\" sizes=\"(max-width: 960px) 100vw, 960px\" title=\"Home\">\t\t\t\t\t\t\t\t\t\t\t\t\t\t\t<\/div>\n\t\t\t\t<\/div>\n\t\t\t\t<\/div>\n\t\t\t\t\t<\/div>\n\t\t\t\t<\/div>\n\t\t\t\t<\/div>","protected":false},"excerpt":{"rendered":"<p>Sessiz, ferah ve tam senlik bir ev \ud83c\udfe1 Evimizden Kesitler Yatak Odalar\u0131 Yatak odalar\u0131 ferah, ayd\u0131nl\u0131k ve huzurlu. Her birinin kendi balkonu var; sabahlar\u0131 deniz havas\u0131n\u0131 i\u00e7inize \u00e7ekip g\u00fcne sakin bir ba\u015flang\u0131\u00e7 yapabiliyorsunuz. Ak\u015fam olunca da balkona \u00e7\u0131k\u0131p sessizli\u011fi dinlemek, hafif esintiyi hissetmek ayr\u0131 bir keyif. Odalar sade, rahat ve ya\u015farken huzur veren bir ortam [&hellip;]<\/p>","protected":false},"author":1,"featured_media":0,"parent":0,"menu_order":0,"comment_status":"closed","ping_status":"closed","template":"","meta":{"site-sidebar-layout":"no-sidebar","site-content-layout":"page-builder","ast-site-content-layout":"default","site-content-style":"default","site-sidebar-style":"default","ast-global-header-display":"","ast-banner-title-visibility":"","ast-main-header-display":"","ast-hfb-above-header-display":"","ast-hfb-below-header-display":"","ast-hfb-mobile-header-display":"","site-post-title":"disabled","ast-breadcrumbs-content":"","ast-featured-img":"disabled","footer-sml-layout":"","theme-transparent-header-meta":"enabled","adv-header-id-meta":"","stick-header-meta":"","header-above-stick-meta":"","header-main-stick-meta":"","header-below-stick-meta":"","astra-migrate-meta-layouts":"default","ast-page-background-enabled":"default","ast-page-background-meta":{"desktop":{"background-color":"var(--ast-global-color-4)","background-image":"","background-repeat":"repeat","background-position":"center center","background-size":"auto","background-attachment":"scroll","background-type":"","background-media":"","overlay-type":"","overlay-color":"","overlay-opacity":"","overlay-gradient":""},"tablet":{"background-color":"","background-image":"","background-repeat":"repeat","background-position":"center center","background-size":"auto","background-attachment":"scroll","background-type":"","background-media":"","overlay-type":"","overlay-color":"","overlay-opacity":"","overlay-gradient":""},"mobile":{"background-color":"","background-image":"","background-repeat":"repeat","background-position":"center center","background-size":"auto","background-attachment":"scroll","background-type":"","background-media":"","overlay-type":"","overlay-color":"","overlay-opacity":"","overlay-gradient":""}},"ast-content-background-meta":{"desktop":{"background-color":"var(--ast-global-color-5)","background-image":"","background-repeat":"repeat","background-position":"center center","background-size":"auto","background-attachment":"scroll","background-type":"","background-media":"","overlay-type":"","overlay-color":"","overlay-opacity":"","overlay-gradient":""},"tablet":{"background-color":"var(--ast-global-color-5)","background-image":"","background-repeat":"repeat","background-position":"center center","background-size":"auto","background-attachment":"scroll","background-type":"","background-media":"","overlay-type":"","overlay-color":"","overlay-opacity":"","overlay-gradient":""},"mobile":{"background-color":"var(--ast-global-color-5)","background-image":"","background-repeat":"repeat","background-position":"center center","background-size":"auto","background-attachment":"scroll","background-type":"","background-media":"","overlay-type":"","overlay-color":"","overlay-opacity":"","overlay-gradient":""}},"footnotes":""},"class_list":["post-1318","page","type-page","status-publish","hentry"],"_links":{"self":[{"href":"https:\/\/cloveboutiquehouse.com\/en\/wp-json\/wp\/v2\/pages\/1318","targetHints":{"allow":["GET"]}}],"collection":[{"href":"https:\/\/cloveboutiquehouse.com\/en\/wp-json\/wp\/v2\/pages"}],"about":[{"href":"https:\/\/cloveboutiquehouse.com\/en\/wp-json\/wp\/v2\/types\/page"}],"author":[{"embeddable":true,"href":"https:\/\/cloveboutiquehouse.com\/en\/wp-json\/wp\/v2\/users\/1"}],"replies":[{"embeddable":true,"href":"https:\/\/cloveboutiquehouse.com\/en\/wp-json\/wp\/v2\/comments?post=1318"}],"version-history":[{"count":33,"href":"https:\/\/cloveboutiquehouse.com\/en\/wp-json\/wp\/v2\/pages\/1318\/revisions"}],"predecessor-version":[{"id":2215,"href":"https:\/\/cloveboutiquehouse.com\/en\/wp-json\/wp\/v2\/pages\/1318\/revisions\/2215"}],"wp:attachment":[{"href":"https:\/\/cloveboutiquehouse.com\/en\/wp-json\/wp\/v2\/media?parent=1318"}],"curies":[{"name":"wp","href":"https:\/\/api.w.org\/{rel}","templated":true}]}}